{"id":2,"date":"2023-09-20T09:44:32","date_gmt":"2023-09-20T07:44:32","guid":{"rendered":"https:\/\/www.martinengels.de\/?page_id=2"},"modified":"2023-09-20T15:34:49","modified_gmt":"2023-09-20T13:34:49","slug":"beispiel-seite","status":"publish","type":"page","link":"https:\/\/www.martinengels.de\/?page_id=2","title":{"rendered":"\u00dcber mich"},"content":{"rendered":"\n<p>Als Gamer &amp; Nerd verbringe ich meine Freizeit gerne vor einem meiner Rechner. (so es die Gesundheit zul\u00e4sst) Ich bin ein gro\u00dfer Fan diverser Sci-Fi und Fantasy Serien und Romane. Insbesondere LitRPG Romane verschlinge ich in massen. Dank einem gro\u00dfen Tablet mit einstellbaren Farben (Negativkontrast) und sehr gro\u00dfer Schrift kann ich wieder Literatur genie\u00dfen. Segen der Technik.<\/p>\n\n\n\n<p>Auf dem langen Weg von meiner Heimatstadt Wuppertal bis nach Flacht habe ich bereits an vielen Orten gelebt und viele Menschen getroffen. Trotz meiner Sehbehinderung versuche ich aus jedem Tag das Beste zu machen. <img loading=\"lazy\" decoding=\"async\" width=\"23\" height=\"23\" src=\"\" alt=\";-)\"><\/p>\n\n\n\n<h3 class=\"wp-block-heading\">Beruflicher Hintergrund:<\/h3>\n\n\n\n<p>Was habe ich also so gemacht, bevor die Gesundheit Amok lief?<\/p>\n\n\n\n<p>Urspr\u00fcnglich habe ich einmal Kaufmann f\u00fcr B\u00fcrokommunikation gelernt. In der m\u00fcndlichen &amp; praktischen Abschlusspr\u00fcfung jeweils mit sehr gut abgeschlossen. (okay, in der schriftlichen wars nur ne 3, hab damals lieber Gothic II: Die Nacht des Raben gesuchtet als zu lernen) Anschlie\u00dfend einige Jahre im Beruf gearbeitet und mich zus\u00e4tzlich aber auch schon um IT Probleme gek\u00fcmmert. Nach einer &#8222;beruflichen Neuorientierung&#8220; (war Arbeitslos) konnte ich dann meine Zertifizierung zum MCTS &amp; MCITP machen. Daraufhin war ich kurze Zeit im 1st Level Support beim IT Systemhaus Urano t\u00e4tig. Anschlie\u00dfend war ich mehrere Jahre bei der ITS-Care im Bereich SAP Rollen &amp; Berechtigungen. Dort hatte ich einen tollen Teamleiter und sehr nette Kollegen. War eine gute Zeit. Aber dann schlug die Gesundheit wieder zu. Nach l\u00e4ngerer Krankheit, und mittlerweile auch offiziell Schwerbehindert wollte ich es aber noch mal versuchen. Und tats\u00e4chlich hatte ich das Gl\u00fcck zum zweiten mal in einen guten Betrieb mit tollen Chefs und netten Kollegen zu kommen. Bei der Firma Ried Blitzschutz. Dort war ich f\u00fcr die EDV verantwortlich, und half bei einigen anderen Dingen, wie z.B. der DSGVO. Ungl\u00fccklicherweise kam dann der letzte gro\u00dfe Paukenschlag zum Thema Gesundheit. Hatte es noch kurzzeitig mit einer Verk\u00fcrzung der Arbeitszeit versucht, doch leider ohne Erfolg.<\/p>\n\n\n\n<p>So, das war die Story. <img loading=\"lazy\" decoding=\"async\" width=\"23\" height=\"23\" src=\"\" alt=\";-)\"><\/p>\n","protected":false},"excerpt":{"rendered":"<p>Als Gamer &amp; Nerd verbringe ich meine Freizeit gerne vor einem meiner Rechner. (so es die Gesundheit zul\u00e4sst) Ich bin ein gro\u00dfer Fan diverser Sci-Fi und Fantasy Serien und Romane. Insbesondere LitRPG Romane verschlinge ich in massen. Dank einem gro\u00dfen Tablet mit einstellbaren Farben (Negativkontrast) und sehr gro\u00dfer Schrift kann ich wieder Literatur genie\u00dfen. Segen [&hellip;]<\/p>\n","protected":false},"author":1,"featured_media":0,"parent":0,"menu_order":0,"comment_status":"closed","ping_status":"open","template":"","meta":{"footnotes":""},"class_list":["post-2","page","type-page","status-publish","hentry"],"_links":{"self":[{"href":"https:\/\/www.martinengels.de\/index.php?rest_route=\/wp\/v2\/pages\/2","targetHints":{"allow":["GET"]}}],"collection":[{"href":"https:\/\/www.martinengels.de\/index.php?rest_route=\/wp\/v2\/pages"}],"about":[{"href":"https:\/\/www.martinengels.de\/index.php?rest_route=\/wp\/v2\/types\/page"}],"author":[{"embeddable":true,"href":"https:\/\/www.martinengels.de\/index.php?rest_route=\/wp\/v2\/users\/1"}],"replies":[{"embeddable":true,"href":"https:\/\/www.martinengels.de\/index.php?rest_route=%2Fwp%2Fv2%2Fcomments&post=2"}],"version-history":[{"count":2,"href":"https:\/\/www.martinengels.de\/index.php?rest_route=\/wp\/v2\/pages\/2\/revisions"}],"predecessor-version":[{"id":29,"href":"https:\/\/www.martinengels.de\/index.php?rest_route=\/wp\/v2\/pages\/2\/revisions\/29"}],"wp:attachment":[{"href":"https:\/\/www.martinengels.de\/index.php?rest_route=%2Fwp%2Fv2%2Fmedia&parent=2"}],"curies":[{"name":"wp","href":"https:\/\/api.w.org\/{rel}","templated":true}]}}